{"id":8553,"date":"2023-01-06T15:05:13","date_gmt":"2023-01-06T20:05:13","guid":{"rendered":"https:\/\/www.campinggaulois.com\/?page_id=8553"},"modified":"2023-01-06T15:11:07","modified_gmt":"2023-01-06T20:11:07","slug":"conditions-dutilisation","status":"publish","type":"page","link":"https:\/\/www.campinggaulois.com\/index.php\/conditions-dutilisation\/","title":{"rendered":"Conditions d&#8217;utilisation"},"content":{"rendered":"\t\t<div data-elementor-type=\"wp-page\" data-elementor-id=\"8553\" class=\"elementor elementor-8553\">\n\t\t\t\t\t\t\t\t\t<section class=\"elementor-section elementor-top-section elementor-element elementor-element-0a61703 elementor-section-boxed elementor-section-height-default elementor-section-height-default qodef-elementor-content-no\" data-id=\"0a61703\" data-element_type=\"section\">\n\t\t\t\t\t\t<div class=\"elementor-container elementor-column-gap-default\">\n\t\t\t\t\t<div class=\"elementor-column elementor-col-100 elementor-top-column elementor-element elementor-element-a31443d\" data-id=\"a31443d\" data-element_type=\"column\">\n\t\t\t<div class=\"elementor-widget-wrap elementor-element-populated\">\n\t\t\t\t\t\t\t\t<div class=\"elementor-element elementor-element-adbfad4 elementor-widget elementor-widget-text-editor\" data-id=\"adbfad4\" data-element_type=\"widget\" data-widget_type=\"text-editor.default\">\n\t\t\t\t<div class=\"elementor-widget-container\">\n\t\t\t<style>\/*! elementor - v3.18.0 - 20-12-2023 *\/\n.elementor-widget-text-editor.elementor-drop-cap-view-stacked .elementor-drop-cap{background-color:#69727d;color:#fff}.elementor-widget-text-editor.elementor-drop-cap-view-framed .elementor-drop-cap{color:#69727d;border:3px solid;background-color:transparent}.elementor-widget-text-editor:not(.elementor-drop-cap-view-default) .elementor-drop-cap{margin-top:8px}.elementor-widget-text-editor:not(.elementor-drop-cap-view-default) .elementor-drop-cap-letter{width:1em;height:1em}.elementor-widget-text-editor .elementor-drop-cap{float:left;text-align:center;line-height:1;font-size:50px}.elementor-widget-text-editor .elementor-drop-cap-letter{display:inline-block}<\/style>\t\t\t\t<p>En utilisant le site Web Camping Gaulois et en r\u00e9servant une emplacement de camping avec nous, vous acceptez les conditions d&#8217;utilisation suivantes. Veuillez lire attentivement ces conditions avant de r\u00e9server un emplacement de camping ou d&#8217;utiliser notre site Web.<\/p><p>Acceptation des conditions d&#8217;utilisation : en utilisant notre site Web ou en r\u00e9servant un emplacement de camping avec nous, vous acceptez les conditions d&#8217;utilisation d\u00e9crites ici. Si vous n&#8217;acceptez pas ces conditions, vous ne devez pas utiliser notre site Web ou r\u00e9server un emplacement de camping avec nous.<\/p><p>Modification des conditions d&#8217;utilisation : nous nous r\u00e9servons le droit de modifier ces conditions d&#8217;utilisation \u00e0 tout moment. Toute modification sera en vigueur d\u00e8s sa publication sur notre site Web. Nous vous encourageons \u00e0 consulter r\u00e9guli\u00e8rement cette page pour prendre connaissance de tout changement.<\/p><p>R\u00e9servation d&#8217;un emplacement de camping : en r\u00e9servant un emplacement de camping avec nous, vous acceptez de respecter les r\u00e8gles et les r\u00e9glementations de notre camping. Vous \u00eates responsable de tous les dommages caus\u00e9s \u00e0 l&#8217;emplacement de camping ou aux installations du camping pendant votre s\u00e9jour.<\/p><p>Annulation et modification de r\u00e9servation : toute annulation ou modification de r\u00e9servation doit \u00eatre faite par \u00e9crit et sera soumise \u00e0 des frais d&#8217;annulation. Veuillez consulter notre politique d&#8217;annulation pour plus de d\u00e9tails.<\/p><p>Responsabilit\u00e9 : notre camping d\u00e9cline toute responsabilit\u00e9 pour tout dommage, perte ou blessure subis par les clients pendant leur s\u00e9jour au camping. Les clients sont responsables de leur propre s\u00e9curit\u00e9 et de celle de leurs biens.<\/p><p>Propri\u00e9t\u00e9 intellectuelle : le contenu de notre site Web, y compris les textes, images, logos et autres \u00e9l\u00e9ments, est prot\u00e9g\u00e9 par le droit d&#8217;auteur et appartient \u00e0 Camping Gaulois Inc. ou \u00e0 des tiers ayant autoris\u00e9 Camping Gaulois Inc. \u00e0 l&#8217;utiliser. Toute utilisation non autoris\u00e9e de ce contenu est strictement interdite.<\/p><p>R\u00e8glement des litiges : tout litige d\u00e9coulant de l&#8217;utilisation de notre site Web ou de la r\u00e9servation d&#8217;un emplacement de camping sera r\u00e9gi par les lois du Canada\/Qu\u00e9bec. Tout litige sera soumis \u00e0 la juridiction exclusive des tribunaux du\u00a0Canada\/Qu\u00e9bec.<\/p>\t\t\t\t\t\t<\/div>\n\t\t\t\t<\/div>\n\t\t\t\t\t<\/div>\n\t\t<\/div>\n\t\t\t\t\t\t\t<\/div>\n\t\t<\/section>\n\t\t\t\t\t\t\t<\/div>\n\t\t","protected":false},"excerpt":{"rendered":"<p>En utilisant le site Web Camping Gaulois et en r\u00e9servant une emplacement de camping avec nous, vous acceptez les conditions d&#8217;utilisation suivantes. Veuillez lire attentivement ces conditions avant de r\u00e9server un emplacement de camping ou d&#8217;utiliser notre site Web. Acceptation des conditions d&#8217;utilisation : en utilisant notre site Web ou en r\u00e9servant un emplacement de [&hellip;]<\/p>\n","protected":false},"author":1,"featured_media":0,"parent":0,"menu_order":0,"comment_status":"closed","ping_status":"closed","template":"","meta":[],"_links":{"self":[{"href":"https:\/\/www.campinggaulois.com\/index.php\/wp-json\/wp\/v2\/pages\/8553"}],"collection":[{"href":"https:\/\/www.campinggaulois.com\/index.php\/wp-json\/wp\/v2\/pages"}],"about":[{"href":"https:\/\/www.campinggaulois.com\/index.php\/wp-json\/wp\/v2\/types\/page"}],"author":[{"embeddable":true,"href":"https:\/\/www.campinggaulois.com\/index.php\/wp-json\/wp\/v2\/users\/1"}],"replies":[{"embeddable":true,"href":"https:\/\/www.campinggaulois.com\/index.php\/wp-json\/wp\/v2\/comments?post=8553"}],"version-history":[{"count":7,"href":"https:\/\/www.campinggaulois.com\/index.php\/wp-json\/wp\/v2\/pages\/8553\/revisions"}],"predecessor-version":[{"id":8561,"href":"https:\/\/www.campinggaulois.com\/index.php\/wp-json\/wp\/v2\/pages\/8553\/revisions\/8561"}],"wp:attachment":[{"href":"https:\/\/www.campinggaulois.com\/index.php\/wp-json\/wp\/v2\/media?parent=8553"}],"curies":[{"name":"wp","href":"https:\/\/api.w.org\/{rel}","templated":true}]}}