{"id":8547,"date":"2023-01-06T14:56:52","date_gmt":"2023-01-06T19:56:52","guid":{"rendered":"https:\/\/www.campinggaulois.com\/?page_id=8547"},"modified":"2023-01-06T15:19:47","modified_gmt":"2023-01-06T20:19:47","slug":"politique-de-confidentialite","status":"publish","type":"page","link":"https:\/\/www.campinggaulois.com\/index.php\/politique-de-confidentialite\/","title":{"rendered":"Politique de confidentialit\u00e9"},"content":{"rendered":"\t\t<div data-elementor-type=\"wp-page\" data-elementor-id=\"8547\" class=\"elementor elementor-8547\">\n\t\t\t\t\t\t\t\t\t<section class=\"elementor-section elementor-top-section elementor-element elementor-element-2d66c8d elementor-section-boxed elementor-section-height-default elementor-section-height-default qodef-elementor-content-no\" data-id=\"2d66c8d\" data-element_type=\"section\">\n\t\t\t\t\t\t<div class=\"elementor-container elementor-column-gap-default\">\n\t\t\t\t\t<div class=\"elementor-column elementor-col-100 elementor-top-column elementor-element elementor-element-779daa2\" data-id=\"779daa2\" data-element_type=\"column\">\n\t\t\t<div class=\"elementor-widget-wrap elementor-element-populated\">\n\t\t\t\t\t\t\t\t<div class=\"elementor-element elementor-element-bac9453 elementor-widget elementor-widget-text-editor\" data-id=\"bac9453\" data-element_type=\"widget\" data-widget_type=\"text-editor.default\">\n\t\t\t\t<div class=\"elementor-widget-container\">\n\t\t\t<style>\/*! elementor - v3.18.0 - 20-12-2023 *\/\n.elementor-widget-text-editor.elementor-drop-cap-view-stacked .elementor-drop-cap{background-color:#69727d;color:#fff}.elementor-widget-text-editor.elementor-drop-cap-view-framed .elementor-drop-cap{color:#69727d;border:3px solid;background-color:transparent}.elementor-widget-text-editor:not(.elementor-drop-cap-view-default) .elementor-drop-cap{margin-top:8px}.elementor-widget-text-editor:not(.elementor-drop-cap-view-default) .elementor-drop-cap-letter{width:1em;height:1em}.elementor-widget-text-editor .elementor-drop-cap{float:left;text-align:center;line-height:1;font-size:50px}.elementor-widget-text-editor .elementor-drop-cap-letter{display:inline-block}<\/style>\t\t\t\t<h6><span style=\"color: var( --e-global-color-text ); font-family: var( --e-global-typography-text-font-family ), Sans-serif;\">Le Camping Gaulois Inc. s&#8217;engage \u00e0 prot\u00e9ger la vie priv\u00e9e de nos clients et \u00e0 g\u00e9rer de mani\u00e8re responsable toutes les informations personnelles que nous collectons. Cette politique de confidentialit\u00e9 d\u00e9crit les types d&#8217;informations que nous collectons, comment nous les utilisons et avec qui nous les partageons.<\/span><\/h6><p>Nous collectons des informations personnelles lorsque vous r\u00e9servez une emplacement de camping ou utilisez nos services en ligne, par t\u00e9l\u00e9phone ou en personne. Cela peut inclure votre nom, adresse, num\u00e9ro de t\u00e9l\u00e9phone et adresse e-mail. Nous pouvons \u00e9galement collecter des informations sur votre carte de cr\u00e9dit ou d&#8217;autres moyens de paiement afin de traiter votre r\u00e9servation et de fournir les services souhait\u00e9s.<\/p><p>Nous utilisons ces informations pour traiter votre r\u00e9servation, vous envoyer des confirmations et des informations sur votre s\u00e9jour, et pour vous fournir les meilleurs services possible pendant votre s\u00e9jour au camping. Nous pouvons \u00e9galement utiliser ces informations pour vous envoyer des communications marketing et des offres sp\u00e9ciales si vous avez choisi de recevoir de telles communications.<\/p><p>Nous ne partageons pas vos informations personnelles avec des tiers \u00e0 des fins commerciales sans votre consentement pr\u00e9alable. Cependant, nous pouvons \u00eatre tenus de partager vos informations dans certaines situations, telles que pour r\u00e9pondre \u00e0 une ordonnance du tribunal ou \u00e0 une demande de l&#8217;autorit\u00e9 gouvernementale.<\/p><p>Nous prenons des mesures de s\u00e9curit\u00e9 pour prot\u00e9ger vos informations contre l&#8217;acc\u00e8s non autoris\u00e9, la modification, la divulgation ou la destruction. Nous utilisons \u00e9galement des mesures de s\u00e9curit\u00e9 pour prot\u00e9ger vos informations lors de la transmission de donn\u00e9es en ligne.<\/p><p>Si vous avez des questions sur notre politique de confidentialit\u00e9 ou sur la mani\u00e8re dont nous g\u00e9rons vos informations personnelles, veuillez nous contacter \u00e0 info@campinggaulois.com ou le\u00a0+1 (418) 431-4143<\/p>\t\t\t\t\t\t<\/div>\n\t\t\t\t<\/div>\n\t\t\t\t\t<\/div>\n\t\t<\/div>\n\t\t\t\t\t\t\t<\/div>\n\t\t<\/section>\n\t\t\t\t\t\t\t<\/div>\n\t\t","protected":false},"excerpt":{"rendered":"<p>Le Camping Gaulois Inc. s&#8217;engage \u00e0 prot\u00e9ger la vie priv\u00e9e de nos clients et \u00e0 g\u00e9rer de mani\u00e8re responsable toutes les informations personnelles que nous collectons. Cette politique de confidentialit\u00e9 d\u00e9crit les types d&#8217;informations que nous collectons, comment nous les utilisons et avec qui nous les partageons. Nous collectons des informations personnelles lorsque vous r\u00e9servez [&hellip;]<\/p>\n","protected":false},"author":1,"featured_media":0,"parent":0,"menu_order":0,"comment_status":"closed","ping_status":"closed","template":"","meta":[],"_links":{"self":[{"href":"https:\/\/www.campinggaulois.com\/index.php\/wp-json\/wp\/v2\/pages\/8547"}],"collection":[{"href":"https:\/\/www.campinggaulois.com\/index.php\/wp-json\/wp\/v2\/pages"}],"about":[{"href":"https:\/\/www.campinggaulois.com\/index.php\/wp-json\/wp\/v2\/types\/page"}],"author":[{"embeddable":true,"href":"https:\/\/www.campinggaulois.com\/index.php\/wp-json\/wp\/v2\/users\/1"}],"replies":[{"embeddable":true,"href":"https:\/\/www.campinggaulois.com\/index.php\/wp-json\/wp\/v2\/comments?post=8547"}],"version-history":[{"count":10,"href":"https:\/\/www.campinggaulois.com\/index.php\/wp-json\/wp\/v2\/pages\/8547\/revisions"}],"predecessor-version":[{"id":8567,"href":"https:\/\/www.campinggaulois.com\/index.php\/wp-json\/wp\/v2\/pages\/8547\/revisions\/8567"}],"wp:attachment":[{"href":"https:\/\/www.campinggaulois.com\/index.php\/wp-json\/wp\/v2\/media?parent=8547"}],"curies":[{"name":"wp","href":"https:\/\/api.w.org\/{rel}","templated":true}]}}